{"id":964,"date":"2024-10-21T16:17:45","date_gmt":"2024-10-21T14:17:45","guid":{"rendered":"https:\/\/fa-automobile.de\/imprint\/"},"modified":"2024-10-21T16:17:45","modified_gmt":"2024-10-21T14:17:45","slug":"imprint","status":"publish","type":"page","link":"https:\/\/fa-automobile.de\/en\/imprint\/","title":{"rendered":"Imprint"},"content":{"rendered":"<h1>Imprint<\/h1>\n<p>F&amp;A Automobile GmbH &amp; Co KG<br \/>\nErich-Ollenhauer-Strasse 6A<br \/>\n59192 Bergkamen<\/p>\n<p><strong>Represented by:<\/strong><br \/>\nErol \u00d6zdemir, Erdogan \u00d6zdemir and Erg\u00fcn \u00d6zdemir<\/p>\n<p>Commercial register: HRA 17981<br \/>\nRegister court: Dortmund Local Court<\/p>\n<h2>Contact us<\/h2>\n<p>Phone: 02307 9441133<br \/>\nFax: 02307 9441134<br \/>\nE-mail: info@fa-automobile.de<\/p>\n<h2>Sales tax ID<\/h2>\n<p>Sales tax identification number according to \u00a7 27 a sales tax law:<br \/>\nDE298105256<\/p>\n<h2>EU dispute resolution<\/h2>\n<p>The European Commission provides a platform for online dispute resolution (OS): <a href=\"https:\/\/ec.europa.eu\/consumers\/odr\/\" target=\"_blank\" rel=\"noopener noreferrer\">https:\/\/ec.europa.eu\/consumers\/odr\/.<\/a><br \/>\nYou can find our e-mail address in the legal notice above.<\/p>\n<h2>Consumer dispute resolution\/universal arbitration board<\/h2>\n<p>We are not willing or obliged to participate in dispute resolution proceedings before a consumer arbitration board.<\/p>\n","protected":false},"excerpt":{"rendered":"<p>Imprint F&amp;A Automobile GmbH &amp; Co KG Erich-Ollenhauer-Strasse 6A 59192 Bergkamen Represented by: Erol \u00d6zdemir, Erdogan \u00d6zdemir and Erg\u00fcn \u00d6zdemir Commercial register: HRA 17981 Register court: Dortmund Local Court Contact us Phone: 02307 9441133 Fax: 02307 9441134 E-mail: info@fa-automobile.de Sales tax ID Sales tax identification number according to \u00a7 27 a sales tax law: DE298105256&#8230;<\/p>\n","protected":false},"author":2,"featured_media":0,"parent":0,"menu_order":0,"comment_status":"closed","ping_status":"closed","template":"","meta":{"inline_featured_image":false,"footnotes":""},"class_list":["post-964","page","type-page","status-publish","hentry"],"yoast_head":"<!-- This site is optimized with the Yoast SEO plugin v27.5 - https:\/\/yoast.com\/product\/yoast-seo-wordpress\/ -->\n<title>Imprint - FA-Automobile<\/title>\n<meta name=\"description\" content=\"Wir sind Ihr Autoh\u00e4ndler im Ruhrgebiet, wenn Sie einen Gebraucht- oder Jahreswagen deutscher und internationaler Premiummarken suchen.\" \/>\n<meta name=\"robots\" content=\"noindex, nofollow\" \/>\n<meta property=\"og:locale\" content=\"en_US\" \/>\n<meta property=\"og:type\" content=\"article\" \/>\n<meta property=\"og:title\" content=\"Imprint - FA-Automobile\" \/>\n<meta property=\"og:description\" content=\"Wir sind Ihr Autoh\u00e4ndler im Ruhrgebiet, wenn Sie einen Gebraucht- oder Jahreswagen deutscher und internationaler Premiummarken suchen.\" \/>\n<meta property=\"og:url\" content=\"https:\/\/fa-automobile.de\/en\/imprint\/\" \/>\n<meta property=\"og:site_name\" content=\"FA-Automobile\" \/>\n<meta property=\"article:publisher\" content=\"https:\/\/www.facebook.com\/faautomobile03\" \/>\n<meta property=\"og:image\" content=\"https:\/\/fa-automobile.de\/wp-content\/uploads\/2024\/11\/FA-Automobile-garantie_284.jpg\" \/>\n\t<meta property=\"og:image:width\" content=\"1920\" \/>\n\t<meta property=\"og:image:height\" content=\"1080\" \/>\n\t<meta property=\"og:image:type\" content=\"image\/jpeg\" \/>\n<meta name=\"twitter:card\" content=\"summary_large_image\" \/>\n<meta name=\"twitter:label1\" content=\"Est. reading time\" \/>\n\t<meta name=\"twitter:data1\" content=\"1 minute\" \/>\n<script type=\"application\/ld+json\" class=\"yoast-schema-graph\">{\"@context\":\"https:\\\/\\\/schema.org\",\"@graph\":[{\"@type\":\"WebPage\",\"@id\":\"https:\\\/\\\/fa-automobile.de\\\/en\\\/imprint\\\/\",\"url\":\"https:\\\/\\\/fa-automobile.de\\\/en\\\/imprint\\\/\",\"name\":\"Imprint - FA-Automobile\",\"isPartOf\":{\"@id\":\"https:\\\/\\\/fa-automobile.de\\\/en\\\/#website\"},\"datePublished\":\"2024-10-21T14:17:45+00:00\",\"description\":\"Wir sind Ihr Autoh\u00e4ndler im Ruhrgebiet, wenn Sie einen Gebraucht- oder Jahreswagen deutscher und internationaler Premiummarken suchen.\",\"breadcrumb\":{\"@id\":\"https:\\\/\\\/fa-automobile.de\\\/en\\\/imprint\\\/#breadcrumb\"},\"inLanguage\":\"en-US\",\"potentialAction\":[{\"@type\":\"ReadAction\",\"target\":[\"https:\\\/\\\/fa-automobile.de\\\/en\\\/imprint\\\/\"]}]},{\"@type\":\"BreadcrumbList\",\"@id\":\"https:\\\/\\\/fa-automobile.de\\\/en\\\/imprint\\\/#breadcrumb\",\"itemListElement\":[{\"@type\":\"ListItem\",\"position\":1,\"name\":\"Startseite\",\"item\":\"https:\\\/\\\/fa-automobile.de\\\/en\\\/\"},{\"@type\":\"ListItem\",\"position\":2,\"name\":\"Imprint\"}]},{\"@type\":\"WebSite\",\"@id\":\"https:\\\/\\\/fa-automobile.de\\\/en\\\/#website\",\"url\":\"https:\\\/\\\/fa-automobile.de\\\/en\\\/\",\"name\":\"FA-Automobile\",\"description\":\"Ihr Autohandel f\u00fcr Premium-Marken im Ruhrgebiet\",\"publisher\":{\"@id\":\"https:\\\/\\\/fa-automobile.de\\\/en\\\/#organization\"},\"alternateName\":\"F&A Autimobile\",\"potentialAction\":[{\"@type\":\"SearchAction\",\"target\":{\"@type\":\"EntryPoint\",\"urlTemplate\":\"https:\\\/\\\/fa-automobile.de\\\/en\\\/?s={search_term_string}\"},\"query-input\":{\"@type\":\"PropertyValueSpecification\",\"valueRequired\":true,\"valueName\":\"search_term_string\"}}],\"inLanguage\":\"en-US\"},{\"@type\":\"Organization\",\"@id\":\"https:\\\/\\\/fa-automobile.de\\\/en\\\/#organization\",\"name\":\"FA-Automobile GmbH\",\"alternateName\":\"F&A Automobile\",\"url\":\"https:\\\/\\\/fa-automobile.de\\\/en\\\/\",\"logo\":{\"@type\":\"ImageObject\",\"inLanguage\":\"en-US\",\"@id\":\"https:\\\/\\\/fa-automobile.de\\\/en\\\/#\\\/schema\\\/logo\\\/image\\\/\",\"url\":\"https:\\\/\\\/fa-automobile.de\\\/wp-content\\\/uploads\\\/2024\\\/11\\\/logo-FA_500.png\",\"contentUrl\":\"https:\\\/\\\/fa-automobile.de\\\/wp-content\\\/uploads\\\/2024\\\/11\\\/logo-FA_500.png\",\"width\":497,\"height\":95,\"caption\":\"FA-Automobile GmbH\"},\"image\":{\"@id\":\"https:\\\/\\\/fa-automobile.de\\\/en\\\/#\\\/schema\\\/logo\\\/image\\\/\"},\"sameAs\":[\"https:\\\/\\\/www.facebook.com\\\/faautomobile03\",\"https:\\\/\\\/www.instagram.com\\\/faautomobile\\\/\",\"https:\\\/\\\/www.tiktok.com\\\/@faautomobile\"]}]}<\/script>\n<!-- \/ Yoast SEO plugin. -->","yoast_head_json":{"title":"Imprint - FA-Automobile","description":"Wir sind Ihr Autoh\u00e4ndler im Ruhrgebiet, wenn Sie einen Gebraucht- oder Jahreswagen deutscher und internationaler Premiummarken suchen.","robots":{"index":"noindex","follow":"nofollow"},"og_locale":"en_US","og_type":"article","og_title":"Imprint - FA-Automobile","og_description":"Wir sind Ihr Autoh\u00e4ndler im Ruhrgebiet, wenn Sie einen Gebraucht- oder Jahreswagen deutscher und internationaler Premiummarken suchen.","og_url":"https:\/\/fa-automobile.de\/en\/imprint\/","og_site_name":"FA-Automobile","article_publisher":"https:\/\/www.facebook.com\/faautomobile03","og_image":[{"width":1920,"height":1080,"url":"https:\/\/fa-automobile.de\/wp-content\/uploads\/2024\/11\/FA-Automobile-garantie_284.jpg","type":"image\/jpeg"}],"twitter_card":"summary_large_image","twitter_misc":{"Est. reading time":"1 minute"},"schema":{"@context":"https:\/\/schema.org","@graph":[{"@type":"WebPage","@id":"https:\/\/fa-automobile.de\/en\/imprint\/","url":"https:\/\/fa-automobile.de\/en\/imprint\/","name":"Imprint - FA-Automobile","isPartOf":{"@id":"https:\/\/fa-automobile.de\/en\/#website"},"datePublished":"2024-10-21T14:17:45+00:00","description":"Wir sind Ihr Autoh\u00e4ndler im Ruhrgebiet, wenn Sie einen Gebraucht- oder Jahreswagen deutscher und internationaler Premiummarken suchen.","breadcrumb":{"@id":"https:\/\/fa-automobile.de\/en\/imprint\/#breadcrumb"},"inLanguage":"en-US","potentialAction":[{"@type":"ReadAction","target":["https:\/\/fa-automobile.de\/en\/imprint\/"]}]},{"@type":"BreadcrumbList","@id":"https:\/\/fa-automobile.de\/en\/imprint\/#breadcrumb","itemListElement":[{"@type":"ListItem","position":1,"name":"Startseite","item":"https:\/\/fa-automobile.de\/en\/"},{"@type":"ListItem","position":2,"name":"Imprint"}]},{"@type":"WebSite","@id":"https:\/\/fa-automobile.de\/en\/#website","url":"https:\/\/fa-automobile.de\/en\/","name":"FA-Automobile","description":"Ihr Autohandel f\u00fcr Premium-Marken im Ruhrgebiet","publisher":{"@id":"https:\/\/fa-automobile.de\/en\/#organization"},"alternateName":"F&A Autimobile","potentialAction":[{"@type":"SearchAction","target":{"@type":"EntryPoint","urlTemplate":"https:\/\/fa-automobile.de\/en\/?s={search_term_string}"},"query-input":{"@type":"PropertyValueSpecification","valueRequired":true,"valueName":"search_term_string"}}],"inLanguage":"en-US"},{"@type":"Organization","@id":"https:\/\/fa-automobile.de\/en\/#organization","name":"FA-Automobile GmbH","alternateName":"F&A Automobile","url":"https:\/\/fa-automobile.de\/en\/","logo":{"@type":"ImageObject","inLanguage":"en-US","@id":"https:\/\/fa-automobile.de\/en\/#\/schema\/logo\/image\/","url":"https:\/\/fa-automobile.de\/wp-content\/uploads\/2024\/11\/logo-FA_500.png","contentUrl":"https:\/\/fa-automobile.de\/wp-content\/uploads\/2024\/11\/logo-FA_500.png","width":497,"height":95,"caption":"FA-Automobile GmbH"},"image":{"@id":"https:\/\/fa-automobile.de\/en\/#\/schema\/logo\/image\/"},"sameAs":["https:\/\/www.facebook.com\/faautomobile03","https:\/\/www.instagram.com\/faautomobile\/","https:\/\/www.tiktok.com\/@faautomobile"]}]}},"_links":{"self":[{"href":"https:\/\/fa-automobile.de\/en\/wp-json\/wp\/v2\/pages\/964","targetHints":{"allow":["GET"]}}],"collection":[{"href":"https:\/\/fa-automobile.de\/en\/wp-json\/wp\/v2\/pages"}],"about":[{"href":"https:\/\/fa-automobile.de\/en\/wp-json\/wp\/v2\/types\/page"}],"author":[{"embeddable":true,"href":"https:\/\/fa-automobile.de\/en\/wp-json\/wp\/v2\/users\/2"}],"replies":[{"embeddable":true,"href":"https:\/\/fa-automobile.de\/en\/wp-json\/wp\/v2\/comments?post=964"}],"version-history":[{"count":0,"href":"https:\/\/fa-automobile.de\/en\/wp-json\/wp\/v2\/pages\/964\/revisions"}],"wp:attachment":[{"href":"https:\/\/fa-automobile.de\/en\/wp-json\/wp\/v2\/media?parent=964"}],"curies":[{"name":"wp","href":"https:\/\/api.w.org\/{rel}","templated":true}]}}